{"id":386,"date":"2016-08-24T11:32:25","date_gmt":"2016-08-24T09:32:25","guid":{"rendered":"http:\/\/gpgkkoszyce.pl\/?page_id=386"},"modified":"2021-04-30T18:50:28","modified_gmt":"2021-04-30T16:50:28","slug":"zglaszanie-awarii","status":"publish","type":"page","link":"https:\/\/gpgkkoszyce.pl\/index.php\/zglaszanie-awarii\/","title":{"rendered":"Zg\u0142aszanie awarii"},"content":{"rendered":"<div style=\"display:none\" class=\"fm-form-container fm-theme36\"><div id=\"fm-pages11\" class=\"fm-pages wdform_page_navigation \" show_title=\"false\" show_numbers=\"true\" type=\"none\"><\/div><form name=\"form11\" action=\"\/index.php\/wp-json\/wp\/v2\/pages\/386\" method=\"post\" id=\"form11\" class=\"fm-form form11  \" enctype=\"multipart\/form-data\"><input type=\"hidden\" id=\"fm_page_id11\" value=\"386\" name=\"fm_page_id11\" \/><input type=\"hidden\" id=\"fm_current_post_type11\" value=\"page\" name=\"fm_current_post_type11\" \/><input type=\"hidden\" id=\"counter11\" value=\"8\" name=\"counter11\" \/><input type=\"hidden\" id=\"Itemid11\" value=\"\" name=\"Itemid11\" \/><input type=\"hidden\" id=\"fm_shake11\" value=\"1\" name=\"fm_shake11\" \/><input type=\"text\" class=\"fm-hide\" id=\"fm_empty_field_validation11\" value=\"\" name=\"fm_empty_field_validation11\" data-value=\"bd736efb144d599cf463541431fbf5c4\" \/><div class=\"wdform-page-and-images\" style=\"display:table; border-top:0px solid black;\"><div id=\"11form_view1\" class=\"wdform_page\" page_title=\"Untitled page\" next_title=\"Next\" next_type=\"text\" next_class=\"wdform-page-button\" next_checkable=\"false\" previous_title=\"Previous\" previous_type=\"text\" previous_class=\"wdform-page-button\" previous_checkable=\"false\"><div class=\"wdform_section\"><div class=\"wdform_column \"><div style=\"\" class=\"wdform_row \" wdid=\"6\"><div type=\"type_editor\" class=\"wdform-field\"><p><br><\/p><p data-mce-style=\"text-align: center;\" style=\"text-align: center;\">Prze\u015blij zg\u0142oszenie o awarii za pomoc\u0105 formularza z naszej strony.<br><\/p><p data-mce-style=\"text-align: center;\" style=\"text-align: center;\">Zg\u0142oszenie zostanie wys\u0142ane na adres e-mail: awaria@gpgkkoszyce.pl<br data-mce-bogus=\"1\"><\/p><p><br><\/p><\/div><\/div><div class=\"wdform_row \" wdid=\"1\"><div type=\"type_text\" class=\"wdform-field wd-width-100 wd-flex wd-flex-row fm-type_text\" ><div class=\"wdform-label-section wd-width-30  wd-flex-row wd-align-items-center\" style=\"max-width: 150px;\">    <label  for=\"wdform_1_element11\" class=\"wdform-label\">Imi\u0119 i nazwisko<\/label><\/div><div class=\"wdform-element-section wd-flex  wd-flex-row wd-align-items-center wd-width-70\" style=\"max-width: 200px;\"><input type=\"text\"                           class=\"wd-width-100\"                           id=\"wdform_1_element11\"                           name=\"wdform_1_element11\"                           value=\"\"                           data-value=\"\"                           title=\"\"                           placeholder=\"\"                                                       \/><\/div><\/div><\/div><div class=\"wdform_row \" wdid=\"2\"><div type=\"type_text\" class=\"wdform-field wd-width-100 wd-flex wd-flex-row fm-type_text\" ><div class=\"wdform-label-section wd-width-30  wd-flex-row wd-align-items-center\" style=\"max-width: 150px;\">    <label  for=\"wdform_2_element11\" class=\"wdform-label\">Miejscowo\u015b\u0107 i nr. domu<\/label><\/div><div class=\"wdform-element-section wd-flex  wd-flex-row wd-align-items-center wd-width-70\" style=\"max-width: 200px;\"><input type=\"text\"                           class=\"wd-width-100\"                           id=\"wdform_2_element11\"                           name=\"wdform_2_element11\"                           value=\"\"                           data-value=\"\"                           title=\"\"                           placeholder=\"\"                                                       \/><\/div><\/div><\/div><div style=\"\" class=\"wdform_row \" wdid=\"4\"><div type=\"type_text\" class=\"wdform-field wd-width-100 wd-flex wd-flex-row fm-type_text\" ><div class=\"wdform-label-section wd-width-30  wd-flex-row wd-align-items-center\" style=\"max-width: 150px;\">    <label  for=\"wdform_4_element11\" class=\"wdform-label\">Numer telefonu<\/label><\/div><div class=\"wdform-element-section wd-flex  wd-flex-row wd-align-items-center wd-width-70\" style=\"max-width: 200px;\"><input type=\"text\"                           class=\"wd-width-100\"                           id=\"wdform_4_element11\"                           name=\"wdform_4_element11\"                           value=\"\"                           data-value=\"\"                           title=\"\"                           placeholder=\"\"                                                       \/><\/div><\/div><\/div><div class=\"wdform_row \" wdid=\"3\"><div type=\"type_textarea\" class=\"wdform-field wd-width-100 wd-flex wd-flex-row fm-type_textarea\" ><div class=\"wdform-label-section wd-width-30 \" style=\"max-width: 150px;\">    <label  for=\"wdform_3_element11\" class=\"wdform-label\">Tre\u015b\u0107 zg\u0142oszenia<\/label><\/div><div class=\"wdform-element-section wd-flex  wd-width-70\" style=\"max-width: 300px;\"><textarea class=\"wd-width-100\"                      id=\"wdform_3_element11\"                      name=\"wdform_3_element11\"                      placeholder=\"\"                      data-value=\"\"                      maxlength=\"\"                      style=\"height: 200px;\"                      ><\/textarea><\/div><\/div><\/div><div style=\"\" class=\"wdform_row \" wdid=\"7\"><div type=\"type_captcha\" class=\"wdform-field wd-width-100 wd-flex wd-flex-row fm-type_captcha\" ><div class=\"wdform-label-section wd-width-30  wd-flex-row wd-align-items-center\" style=\"max-width: 100px;\">    <label  for=\"wd_captcha_input11\" class=\"wdform-label\">Przepisz kod z obrazka<\/label><\/div><div class=\"wdform-element-section wd-flex  wd-flex-row wd-align-items-center wd-width-70\" ><img decoding=\"async\" type=\"captcha\"                           digit=\"6\"                           src=\" https:\/\/gpgkkoszyce.pl\/wp-admin\/admin-ajax.php?action=formmakerwdcaptcha&digit=6&i=11\"                           id=\"wd_captcha11\"                           class=\"captcha_img wd-hidden\"                            \/><div class=\"captcha_refresh\" id=\"_element_refresh11\" ><\/div><input type=\"text\"                              class=\"captcha_input\"                              id=\"wd_captcha_input11\"                              name=\"captcha_input\"                              style=\"width: 80px;\"                               \/><\/div><\/div><\/div><div class=\"wdform_row \" wdid=\"5\"><div type=\"type_submit_reset\" class=\"wdform-field wd-width-100 wd-flex wd-flex-column fm-type_submit_reset\" ><div class=\"wdform-element-section wd-flex  wd-flex-row wd-width-100\" ><button  type=\"button\" class=\"button-submit\" onclick=\"fm_submit_form('11');\"  data-ajax=\"0\"><span class=\"fm-submit-loading spinner fm-ico-spinner\"><\/span>Wy\u015blij<\/button><button  type=\"button\" class=\"button-reset \" onclick=\"fm_reset_form(11);\" >Kasuj<\/button><\/div><\/div><\/div><\/div><\/div><div valign=\"top\" class=\"wdform_footer\" style=\"width: 100%;\"><div style=\"width: 100%;\"><div style=\"width: 100%; display: table; padding-top:10px;\"><div style=\"display: table-row-group;\"><div id=\"11page_nav1\" style=\"display: table-row;\"><\/div><\/div><\/div><\/div><\/div><\/div><\/div><div class=\"wdform_preload\"><\/div><input type=\"hidden\" name=\"fm-current-page\" value=\"https:\/\/gpgkkoszyce.pl\/index.php\/wp-json\/wp\/v2\/pages\/386\" \/><\/form><\/div>\n<p>&nbsp;<\/p>\n<p>&nbsp;<\/p>\n<p>&nbsp;<\/p>\n<p>&nbsp;<\/p>\n<hr \/>\n<p>&nbsp;<\/p>\n","protected":false},"excerpt":{"rendered":"<p>&nbsp; &nbsp; &nbsp; &nbsp; &nbsp;<\/p>\n","protected":false},"author":1,"featured_media":0,"parent":0,"menu_order":0,"comment_status":"closed","ping_status":"closed","template":"","meta":{"ngg_post_thumbnail":0,"footnotes":""},"class_list":["post-386","page","type-page","status-publish","hentry"],"_links":{"self":[{"href":"https:\/\/gpgkkoszyce.pl\/index.php\/wp-json\/wp\/v2\/pages\/386","targetHints":{"allow":["GET"]}}],"collection":[{"href":"https:\/\/gpgkkoszyce.pl\/index.php\/wp-json\/wp\/v2\/pages"}],"about":[{"href":"https:\/\/gpgkkoszyce.pl\/index.php\/wp-json\/wp\/v2\/types\/page"}],"author":[{"embeddable":true,"href":"https:\/\/gpgkkoszyce.pl\/index.php\/wp-json\/wp\/v2\/users\/1"}],"replies":[{"embeddable":true,"href":"https:\/\/gpgkkoszyce.pl\/index.php\/wp-json\/wp\/v2\/comments?post=386"}],"version-history":[{"count":3,"href":"https:\/\/gpgkkoszyce.pl\/index.php\/wp-json\/wp\/v2\/pages\/386\/revisions"}],"predecessor-version":[{"id":1514,"href":"https:\/\/gpgkkoszyce.pl\/index.php\/wp-json\/wp\/v2\/pages\/386\/revisions\/1514"}],"wp:attachment":[{"href":"https:\/\/gpgkkoszyce.pl\/index.php\/wp-json\/wp\/v2\/media?parent=386"}],"curies":[{"name":"wp","href":"https:\/\/api.w.org\/{rel}","templated":true}]}}