{"id":221,"date":"2016-07-29T09:15:50","date_gmt":"2016-07-29T07:15:50","guid":{"rendered":"http:\/\/gpgkkoszyce.pl\/index.php\/start\/"},"modified":"2021-04-30T19:28:41","modified_gmt":"2021-04-30T17:28:41","slug":"start","status":"publish","type":"page","link":"https:\/\/gpgkkoszyce.pl\/index.php\/start\/","title":{"rendered":"Start-old"},"content":{"rendered":"<p>[mp_row]<\/p>\n<p>[mp_span col=&#8221;12&#8243;]<\/p>\n<p>[mp_code]<\/p>\n<h4 style=\"text-align: center;\"><span class=\"body_outer\"><strong>Witamy na stronie Gminne Przedsi\u0119biorstwo Gospodarki Komunalnej w Koszycach<\/strong><\/span><\/h4>\n<p style=\"text-align: center;\"><span class=\"body_outer\">Zarz\u0105d Sp\u00f3\u0142ki przyjmuje interesant\u00f3w w dni: poniedzia\u0142ek &#8211; pi\u0105tek od 8.00 do 15.00<\/span><\/p>\n<p>&nbsp;<\/p>\n<p>[\/mp_code]<\/p>\n<p>[\/mp_span]<\/p>\n<p>[\/mp_row]<\/p>\n<p>[mp_row]<\/p>\n<p>[mp_span col=&#8221;12&#8243;]<\/p>\n<p>[mp_wp_widgets_area sidebar=&#8221;primary-widget-area&#8221;]<\/p>\n<p>[\/mp_span]<\/p>\n<p>[\/mp_row]<\/p>\n<p>[mp_row]<\/p>\n<p>[mp_span col=&#8221;7&#8243;]<\/p>\n<p style=\"text-align: center;\">Gminne Przedsi\u0119biorstwo Gospodarki Komunalnej posiada specjalistyczny samoch\u00f3d. Dzi\u0119ki nowoczesnemu wyposa\u017ceniu w wydajne pompy, wydajnie i sprawnie wykonujemy us\u0142ugi asenizacyjne.<\/p>\n<p><img loading=\"lazy\" decoding=\"async\" class=\"wp-image-7 size-medium aligncenter\" src=\"https:\/\/gpgkkoszyce.pl\/wp-content\/uploads\/2016\/07\/zaklad_3-300x132.jpg\" width=\"300\" height=\"132\" srcset=\"https:\/\/gpgkkoszyce.pl\/wp-content\/uploads\/2016\/07\/zaklad_3-300x132.jpg 300w, https:\/\/gpgkkoszyce.pl\/wp-content\/uploads\/2016\/07\/zaklad_3-768x339.jpg 768w, https:\/\/gpgkkoszyce.pl\/wp-content\/uploads\/2016\/07\/zaklad_3.jpg 900w\" sizes=\"auto, (max-width: 300px) 85vw, 300px\" \/><\/p>\n<p style=\"text-align: center; padding-left: 60px;\">Zapraszamy do korzystania z naszych us\u0142ug<\/p>\n<p>[\/mp_span]<\/p>\n<p>[mp_span col=&#8221;5&#8243;]<\/p>\n<p>[mp_row_inner]<\/p>\n<p>[mp_span_inner col=&#8221;12&#8243;]<\/p>\n<p>[mp_image id=&#8221;183&#8243; size=&#8221;medium&#8221; link_type=&#8221;custom_url&#8221; link=&#8221;#&#8221; target=&#8221;true&#8221; caption=&#8221;true&#8221; align=&#8221;center&#8221;]<\/p>\n<p>[\/mp_span_inner]<\/p>\n<p>[\/mp_row_inner]<\/p>\n<p>[mp_row_inner]<\/p>\n<p>[mp_span_inner col=&#8221;12&#8243;]<\/p>\n<p>[mp_image id=&#8221;181&#8243; size=&#8221;custom&#8221; link_type=&#8221;custom_url&#8221; link=&#8221;#&#8221; target=&#8221;true&#8221; caption=&#8221;true&#8221; align=&#8221;center&#8221;]<\/p>\n<p>[\/mp_span_inner]<\/p>\n<p>[\/mp_row_inner]<\/p>\n<p>[\/mp_span]<\/p>\n<p>[\/mp_row]<\/p>\n","protected":false},"excerpt":{"rendered":"<p>[mp_row] [mp_span col=&#8221;12&#8243;] [mp_code] Witamy na stronie Gminne Przedsi\u0119biorstwo Gospodarki Komunalnej w Koszycach Zarz\u0105d Sp\u00f3\u0142ki przyjmuje interesant\u00f3w w dni: poniedzia\u0142ek &#8211; pi\u0105tek od 8.00 do 15.00 &nbsp; [\/mp_code] [\/mp_span] [\/mp_row] [mp_row] [mp_span col=&#8221;12&#8243;] [mp_wp_widgets_area sidebar=&#8221;primary-widget-area&#8221;] [\/mp_span] [\/mp_row] [mp_row] [mp_span col=&#8221;7&#8243;] Gminne Przedsi\u0119biorstwo Gospodarki Komunalnej posiada specjalistyczny samoch\u00f3d. Dzi\u0119ki nowoczesnemu wyposa\u017ceniu w wydajne pompy, wydajnie i &hellip; <a href=\"https:\/\/gpgkkoszyce.pl\/index.php\/start\/\" class=\"more-link\">Continue reading<span class=\"screen-reader-text\"> &#8222;Start-old&#8221;<\/span><\/a><\/p>\n","protected":false},"author":1,"featured_media":0,"parent":0,"menu_order":1,"comment_status":"closed","ping_status":"closed","template":"","meta":{"ngg_post_thumbnail":0,"footnotes":""},"class_list":["post-221","page","type-page","status-publish","hentry"],"_links":{"self":[{"href":"https:\/\/gpgkkoszyce.pl\/index.php\/wp-json\/wp\/v2\/pages\/221","targetHints":{"allow":["GET"]}}],"collection":[{"href":"https:\/\/gpgkkoszyce.pl\/index.php\/wp-json\/wp\/v2\/pages"}],"about":[{"href":"https:\/\/gpgkkoszyce.pl\/index.php\/wp-json\/wp\/v2\/types\/page"}],"author":[{"embeddable":true,"href":"https:\/\/gpgkkoszyce.pl\/index.php\/wp-json\/wp\/v2\/users\/1"}],"replies":[{"embeddable":true,"href":"https:\/\/gpgkkoszyce.pl\/index.php\/wp-json\/wp\/v2\/comments?post=221"}],"version-history":[{"count":13,"href":"https:\/\/gpgkkoszyce.pl\/index.php\/wp-json\/wp\/v2\/pages\/221\/revisions"}],"predecessor-version":[{"id":1528,"href":"https:\/\/gpgkkoszyce.pl\/index.php\/wp-json\/wp\/v2\/pages\/221\/revisions\/1528"}],"wp:attachment":[{"href":"https:\/\/gpgkkoszyce.pl\/index.php\/wp-json\/wp\/v2\/media?parent=221"}],"curies":[{"name":"wp","href":"https:\/\/api.w.org\/{rel}","templated":true}]}}